{"id":22027,"date":"2020-09-09T16:23:52","date_gmt":"2020-09-09T16:23:52","guid":{"rendered":"https:\/\/david-obando.com\/ecommerce\/?post_type=product&#038;p=22027"},"modified":"2020-09-09T16:24:49","modified_gmt":"2020-09-09T16:24:49","slug":"allure-hair-dryer-turbo-4300","status":"publish","type":"product","link":"https:\/\/david-obando.com\/ecommerce\/producto\/allure-hair-dryer-turbo-4300\/","title":{"rendered":"Allure Hair Dryer Turbo 4300"},"content":{"rendered":"","protected":false},"excerpt":{"rendered":"<p>Secador de cabello. Turmalina, Cer\u00e1miica y Tecnolog\u00eda I\u00f3nica. <\/p>\n","protected":false},"featured_media":22024,"template":"","meta":[],"product_brand":[],"product_cat":[105],"product_tag":[],"class_list":{"0":"post-22027","1":"product","2":"type-product","3":"status-publish","4":"has-post-thumbnail","6":"product_cat-equipos","8":"first","9":"instock","10":"taxable","11":"shipping-taxable","12":"purchasable","13":"product-type-simple"},"_links":{"self":[{"href":"https:\/\/david-obando.com\/ecommerce\/wp-json\/wp\/v2\/product\/22027","targetHints":{"allow":["GET"]}}],"collection":[{"href":"https:\/\/david-obando.com\/ecommerce\/wp-json\/wp\/v2\/product"}],"about":[{"href":"https:\/\/david-obando.com\/ecommerce\/wp-json\/wp\/v2\/types\/product"}],"wp:featuredmedia":[{"embeddable":true,"href":"https:\/\/david-obando.com\/ecommerce\/wp-json\/wp\/v2\/media\/22024"}],"wp:attachment":[{"href":"https:\/\/david-obando.com\/ecommerce\/wp-json\/wp\/v2\/media?parent=22027"}],"wp:term":[{"taxonomy":"product_brand","embeddable":true,"href":"https:\/\/david-obando.com\/ecommerce\/wp-json\/wp\/v2\/product_brand?post=22027"},{"taxonomy":"product_cat","embeddable":true,"href":"https:\/\/david-obando.com\/ecommerce\/wp-json\/wp\/v2\/product_cat?post=22027"},{"taxonomy":"product_tag","embeddable":true,"href":"https:\/\/david-obando.com\/ecommerce\/wp-json\/wp\/v2\/product_tag?post=22027"}],"curies":[{"name":"wp","href":"https:\/\/api.w.org\/{rel}","templated":true}]}}