{"id":3,"date":"2020-09-08T20:44:50","date_gmt":"2020-09-08T20:44:50","guid":{"rendered":"https:\/\/david-obando.com\/ecommerce\/?page_id=3"},"modified":"2021-03-21T22:10:07","modified_gmt":"2021-03-21T22:10:07","slug":"politica-privacidad","status":"publish","type":"page","link":"https:\/\/david-obando.com\/ecommerce\/politica-privacidad\/","title":{"rendered":""},"content":{"rendered":"\n<h3 class=\"has-text-align-center wp-block-heading\">Pol\u00edtica de privacidad<\/h3>\n\n\n\n<p>Este sitio web, servicio Wi-Fi, servicio de Internet o aplicaci\u00f3n m\u00f3vil (&#8220;Sitio&#8221;) es propiedad y est\u00e1 operado por Rio Piedras Beauty Supply LLC. Esta Pol\u00edtica de privacidad se aplica al Sitio y describe c\u00f3mo Rio Piedras Beauty Supply LLC. y sus afiliadas (colectivamente, &#8220;Rio Piedras Beauty Supply&#8221;, &#8220;nosotros&#8221;, &#8220;nuestro&#8221;, &#8220;nos&#8221;) recopilan informaci\u00f3n sobre usted, c\u00f3mo usamos esa informaci\u00f3n y qu\u00e9 pasos tomar para proteger esa informaci\u00f3n.<\/p>\n\n\n\n<p>Al utilizar este sitio, usted acepta los t\u00e9rminos de esta Pol\u00edtica de privacidad, as\u00ed como los T\u00e9rminos de uso del sitio. Rio Piedras Beauty Supplies puede cambiar esta Pol\u00edtica de privacidad de vez en cuando. Vuelva a consultar peri\u00f3dicamente para obtener informaci\u00f3n actualizada sobre nuestras pr\u00e1cticas de privacidad.<\/p>\n\n\n\n<p><strong>Recolecci\u00f3n de informaci\u00f3n<\/strong><\/p>\n\n\n\n<p>Recopilamos, almacenamos y usamos informaci\u00f3n personal para brindarle y mejorar nuestros productos y servicios. Dicha informaci\u00f3n incluye:<\/p>\n\n\n\n<p>Informaci\u00f3n que nos proporciona: informaci\u00f3n sobre transacciones y creaci\u00f3n de cuentas, como nombre, direcci\u00f3n de env\u00edo y facturaci\u00f3n, correo electr\u00f3nico, contrase\u00f1a, n\u00famero de tel\u00e9fono, informaci\u00f3n de pago, fecha de nacimiento e informaci\u00f3n sobre otros, como el destinatario de un regalo; respuestas de la encuesta; participaciones en promociones o sorteos; rese\u00f1as de productos; interacciones con las cuentas de redes sociales de Rio Piedras Beauty Supply; y contenido de las comunicaciones con nuestro equipo de atenci\u00f3n al cliente. Informaci\u00f3n autom\u00e1tica: su uso del sitio; su interacci\u00f3n con las funciones del Sitio; su direcci\u00f3n de protocolo de Internet (IP); tu ubicaci\u00f3n; el sistema operativo de su dispositivo y el tipo de navegador; la direcci\u00f3n de su sitio web de referencia; su flujo de clics a trav\u00e9s del Sitio. Usamos cookies, balizas web y otros identificadores. La mayor\u00eda de los navegadores web le permiten ejercer control sobre las cookies elimin\u00e1ndolas, bloque\u00e1ndolas o avis\u00e1ndole cuando se almacena un archivo de cookies. Revise las instrucciones de su navegador sobre estas funciones. Si elige deshabilitar la funci\u00f3n de cookies de su navegador web, es posible que no pueda realizar un pedido o utilizar algunas o todas las funciones proporcionadas en nuestro Sitio. Si deshabilita, bloquea o elimina las cookies, no se detendr\u00e1 todo el seguimiento descrito en esta Pol\u00edtica de privacidad.<\/p>\n\n\n\n<p>Informaci\u00f3n de otras fuentes: informaci\u00f3n de direcci\u00f3n actualizada de nuestros proveedores; informaci\u00f3n enviada a trav\u00e9s de canales de marketing de afiliados, como un sitio de descuentos; e informaci\u00f3n de terceros para mejorar nuestro marketing o prevenir el fraude. Este Sitio est\u00e1 dirigido a adultos y Rio Piedras Beauty Supply no recopila a sabiendas informaci\u00f3n personal en l\u00ednea de menores.<\/p>\n\n\n\n<p><strong>Uso y divulgaci\u00f3n de informaci\u00f3n<\/strong><\/p>\n\n\n\n<p>Podemos compartir la informaci\u00f3n que tenemos sobre usted de las siguientes maneras:<\/p>\n\n\n\n<p>Podemos trabajar con empresas u organizaciones no afiliadas para proporcionar servicios en nuestro nombre. En consecuencia, podemos divulgar parte o toda la informaci\u00f3n que recopilamos (descrita en Recopilaci\u00f3n de informaci\u00f3n) a las siguientes personas:<\/p>\n\n\n\n<p>Empresas que realizan servicios en nuestro nombre, como imprentas y empresas de procesamiento de datos.<br>Empresas con las que tenemos acuerdos de marketing. Podemos utilizar los servicios de terceros para recopilar y utilizar informaci\u00f3n an\u00f3nima sobre sus visitas e interacciones con nuestro sitio web mediante el uso de tecnolog\u00edas como cookies para personalizar anuncios de bienes y servicios<\/p>\n\n\n\n<p>Para su protecci\u00f3n, requerimos, o estas empresas est\u00e1n obligadas de otro modo, a mantener la confidencialidad de toda la informaci\u00f3n personal.<\/p>\n\n\n\n<p>Podemos divulgar parte o toda la informaci\u00f3n que recopilamos (descrita en la recopilaci\u00f3n de informaci\u00f3n) seg\u00fan lo permita la ley. Por ejemplo, podemos compartir informaci\u00f3n personal:<\/p>\n\n\n\n<p>Con autoridades reguladoras y agentes del orden<br>Cuando creemos de buena fe que la divulgaci\u00f3n es necesaria para evitar da\u00f1os o lesiones, o una amenaza f\u00edsica percibida para cualquier individuo (como retiradas de productos, reclamos u otra responsabilidad).<br>Para protegerse contra el fraude<br>Para responder a una citaci\u00f3n<br>Para brindarle servicios<\/p>\n\n\n\n<p><strong>Protecci\u00f3n de la informaci\u00f3n<\/strong><\/p>\n\n\n\n<p>Contamos con las medidas de seguridad f\u00edsicas, electr\u00f3nicas y de procedimiento adecuadas para proteger y asegurar la informaci\u00f3n que recopilamos. Sin embargo, ning\u00fan sitio web, aplicaci\u00f3n m\u00f3vil o los sistemas de los que dependen son completamente seguros. Tambi\u00e9n es responsable de tomar medidas para proteger su informaci\u00f3n personal contra la divulgaci\u00f3n no autorizada o el uso indebido.<\/p>\n\n\n\n<p>Trabajamos para proteger la seguridad de su informaci\u00f3n personal..<br>Mantenemos medidas de seguridad f\u00edsicas, electr\u00f3nicas y de procedimiento en relaci\u00f3n con la recopilaci\u00f3n, el almacenamiento y la divulgaci\u00f3n de informaci\u00f3n personal. Nuestros procedimientos de seguridad significan que ocasionalmente podemos solicitar una prueba de identidad antes de revelarle informaci\u00f3n personal.<\/p>\n\n\n\n<p><strong>Geolocalizaci\u00f3n precisa<\/strong><\/p>\n\n\n\n<p>La mayor\u00eda de los navegadores y dispositivos m\u00f3viles permiten a los usuarios habilitar o deshabilitar la geolocalizaci\u00f3n precisa mediante ventanas emergentes o controles ubicados en el men\u00fa de configuraci\u00f3n. Si ha permitido que Rio Piedras Beauty Supply acceda a sus datos de geolocalizaci\u00f3n precisos, puede optar por no participar en cualquier momento ajustando los permisos en su navegador o dispositivo.<\/p>\n\n\n\n<p><strong>Sitios de terceros<\/strong><\/p>\n\n\n\n<p>Nuestro sitio puede incluir enlaces a sitios web que son propiedad o est\u00e1n operados por terceros. Tenga en cuenta que esta Pol\u00edtica de privacidad no cubre las pr\u00e1cticas de esos sitios web.<\/p>\n\n\n\n<p><strong>Cont\u00e1ctenos<\/strong><\/p>\n\n\n\n<p>Si tiene preguntas sobre esta Pol\u00edtica de privacidad o para comunicarse con nosotros como se mencion\u00f3 anteriormente, puede comunicarse con Rio Piedras Beauty Supply de la siguiente manera:<\/p>\n\n\n\n<p>Rio Piedras Beauty Supply LLC Attn .: Privacidad web<br>DE DIEGO 64<br>SAN JUAN, Puerto Rico 00925 (939) 204-0902<\/p>\n","protected":false},"excerpt":{"rendered":"<p>Pol\u00edtica de privacidad Este sitio web, servicio Wi-Fi, servicio de Internet o aplicaci\u00f3n m\u00f3vil (&#8220;Sitio&#8221;) es propiedad y est\u00e1 operado por Rio Piedras Beauty Supply LLC. Esta Pol\u00edtica de privacidad se aplica al Sitio y describe c\u00f3mo Rio Piedras Beauty Supply LLC. y sus afiliadas (colectivamente, &#8220;Rio Piedras Beauty Supply&#8221;, &#8220;nosotros&#8221;, &#8220;nuestro&#8221;, &#8220;nos&#8221;) recopilan informaci\u00f3n<\/p>\n","protected":false},"author":1,"featured_media":0,"parent":0,"menu_order":0,"comment_status":"closed","ping_status":"open","template":"","meta":{"footnotes":""},"class_list":["post-3","page","type-page","status-publish","hentry"],"_links":{"self":[{"href":"https:\/\/david-obando.com\/ecommerce\/wp-json\/wp\/v2\/pages\/3","targetHints":{"allow":["GET"]}}],"collection":[{"href":"https:\/\/david-obando.com\/ecommerce\/wp-json\/wp\/v2\/pages"}],"about":[{"href":"https:\/\/david-obando.com\/ecommerce\/wp-json\/wp\/v2\/types\/page"}],"author":[{"embeddable":true,"href":"https:\/\/david-obando.com\/ecommerce\/wp-json\/wp\/v2\/users\/1"}],"replies":[{"embeddable":true,"href":"https:\/\/david-obando.com\/ecommerce\/wp-json\/wp\/v2\/comments?post=3"}],"version-history":[{"count":5,"href":"https:\/\/david-obando.com\/ecommerce\/wp-json\/wp\/v2\/pages\/3\/revisions"}],"predecessor-version":[{"id":22833,"href":"https:\/\/david-obando.com\/ecommerce\/wp-json\/wp\/v2\/pages\/3\/revisions\/22833"}],"wp:attachment":[{"href":"https:\/\/david-obando.com\/ecommerce\/wp-json\/wp\/v2\/media?parent=3"}],"curies":[{"name":"wp","href":"https:\/\/api.w.org\/{rel}","templated":true}]}}