{"id":24,"date":"2017-09-07T14:05:20","date_gmt":"2017-09-07T14:05:20","guid":{"rendered":"http:\/\/demo.lion-coders.com\/wp\/hello\/?page_id=24"},"modified":"2023-03-26T22:33:50","modified_gmt":"2023-03-27T03:33:50","slug":"blog","status":"publish","type":"page","link":"https:\/\/david-obando.com\/ant\/blog\/","title":{"rendered":"Blog"},"content":{"rendered":"<section class=\"kc-elm kc-css-195917 kc_row\"><div class=\"kc-row-container\"><div class=\"kc-wrap-columns\"><div class=\"kc-elm kc-css-916937 kc_col-sm-12 kc_column kc_col-sm-12\"><div class=\"kc-col-container\"><div class=\"block-content\">\r\n    <h3 class=\"block-title\">\r\n    Blog    <\/h3>\r\n    <div class=\"row\">\r\n        <div class=\"col-md-10 mx-auto\">\r\n                                  \r\n            <div class=\"post-14 post type-post status-publish format-standard has-post-thumbnail hentry category-articulos-de-opinion\">\r\n                                <div class=\"post-thumbnail\">\r\n                    <a class=\"open-post\" href=\"https:\/\/david-obando.com\/ant\/como-los-cms-han-democratizado-la-creacion-de-sitios-web-para-personas-sin-experiencia-en-programacion\/\">\r\n                    <img loading=\"lazy\" decoding=\"async\" width=\"1365\" height=\"768\" src=\"https:\/\/david-obando.com\/ant\/wp-content\/uploads\/2017\/09\/cms-copia.jpg\" class=\"attachment-post-thumbnail size-post-thumbnail wp-post-image\" alt=\"\" srcset=\"https:\/\/david-obando.com\/ant\/wp-content\/uploads\/2017\/09\/cms-copia.jpg 1365w, https:\/\/david-obando.com\/ant\/wp-content\/uploads\/2017\/09\/cms-copia-768x432.jpg 768w\" sizes=\"auto, (max-width: 1365px) 100vw, 1365px\" \/>                    <\/a>\r\n                <\/div>\r\n                                <div class=\"post-title\">\r\n                    <a class=\"open-post\" href=\"https:\/\/david-obando.com\/ant\/como-los-cms-han-democratizado-la-creacion-de-sitios-web-para-personas-sin-experiencia-en-programacion\/\"><h2>Los CMS han democratizado la creaci\u00f3n de sitios web para personas sin experiencia en programaci\u00f3n<\/h2><\/a>\r\n                    <p class=\"post-info\">\r\n                        <span class=\"post-author\">Publicado por david<\/span>\r\n                        <span class=\"slash\"><\/span>\r\n                        <span class=\"post-date\">febrero 7, 2023<\/span>\r\n                        <span class=\"slash\"><\/span>\r\n                        <span class=\"post-catetory\"><a href=\"https:\/\/david-obando.com\/ant\/category\/articulos-de-opinion\/\" rel=\"category tag\">Art\u00edculos de Opini\u00f3n<\/a><\/span>\r\n                                            <\/p>\r\n                <\/div>\r\n                <div class=\"post-body\">\r\n                    <p>Los Sistemas de Gesti\u00f3n de Contenido (CMS, por sus siglas en ingl\u00e9s) han revolucionado la forma en que las personas crean sitios web. Antes de que existieran los CMS, la<\/p>\r\n                    <a class=\"btn read-more-btn open-post\" href=\"https:\/\/david-obando.com\/ant\/como-los-cms-han-democratizado-la-creacion-de-sitios-web-para-personas-sin-experiencia-en-programacion\/\">\r\n                    Leer m\u00e1s                    <\/a>\r\n                <\/div>\r\n            <\/div>\r\n                      \r\n            <div class=\"post-16 post type-post status-publish format-standard has-post-thumbnail hentry category-articulos-de-opinion\">\r\n                                <div class=\"post-thumbnail\">\r\n                    <a class=\"open-post\" href=\"https:\/\/david-obando.com\/ant\/el-impacto-de-la-inteligencia-artificial-en-el-marketing-y-la-comunicacion-en-la-actualidad\/\">\r\n                    <img loading=\"lazy\" decoding=\"async\" width=\"1365\" height=\"768\" src=\"https:\/\/david-obando.com\/ant\/wp-content\/uploads\/2017\/09\/frases-inteligencia-artificial.jpeg\" class=\"attachment-post-thumbnail size-post-thumbnail wp-post-image\" alt=\"\" srcset=\"https:\/\/david-obando.com\/ant\/wp-content\/uploads\/2017\/09\/frases-inteligencia-artificial.jpeg 1365w, https:\/\/david-obando.com\/ant\/wp-content\/uploads\/2017\/09\/frases-inteligencia-artificial-768x432.jpeg 768w\" sizes=\"auto, (max-width: 1365px) 100vw, 1365px\" \/>                    <\/a>\r\n                <\/div>\r\n                                <div class=\"post-title\">\r\n                    <a class=\"open-post\" href=\"https:\/\/david-obando.com\/ant\/el-impacto-de-la-inteligencia-artificial-en-el-marketing-y-la-comunicacion-en-la-actualidad\/\"><h2>El impacto de la Inteligencia Artificial en el Marketing y la Comunicaci\u00f3n<\/h2><\/a>\r\n                    <p class=\"post-info\">\r\n                        <span class=\"post-author\">Publicado por david<\/span>\r\n                        <span class=\"slash\"><\/span>\r\n                        <span class=\"post-date\">noviembre 7, 2022<\/span>\r\n                        <span class=\"slash\"><\/span>\r\n                        <span class=\"post-catetory\"><a href=\"https:\/\/david-obando.com\/ant\/category\/articulos-de-opinion\/\" rel=\"category tag\">Art\u00edculos de Opini\u00f3n<\/a><\/span>\r\n                                            <\/p>\r\n                <\/div>\r\n                <div class=\"post-body\">\r\n                    <p>La inteligencia artificial (IA) ha revolucionado la forma en que nos comunicamos y hacemos negocios en la actualidad. En el campo del marketing y la comunicaci\u00f3n, la IA ha abierto<\/p>\r\n                    <a class=\"btn read-more-btn open-post\" href=\"https:\/\/david-obando.com\/ant\/el-impacto-de-la-inteligencia-artificial-en-el-marketing-y-la-comunicacion-en-la-actualidad\/\">\r\n                    Leer m\u00e1s                    <\/a>\r\n                <\/div>\r\n            <\/div>\r\n                      \r\n            <div class=\"post-12 post type-post status-publish format-standard has-post-thumbnail hentry category-articulos-de-opinion\">\r\n                                <div class=\"post-thumbnail\">\r\n                    <a class=\"open-post\" href=\"https:\/\/david-obando.com\/ant\/tendencias-de-marketing-digital-como-mantenerse-a-la-vanguardia-en-un-mundo-en-constante-evolucion\/\">\r\n                    <img loading=\"lazy\" decoding=\"async\" width=\"1365\" height=\"768\" src=\"https:\/\/david-obando.com\/ant\/wp-content\/uploads\/2017\/09\/mkt-digital.jpg\" class=\"attachment-post-thumbnail size-post-thumbnail wp-post-image\" alt=\"\" srcset=\"https:\/\/david-obando.com\/ant\/wp-content\/uploads\/2017\/09\/mkt-digital.jpg 1365w, https:\/\/david-obando.com\/ant\/wp-content\/uploads\/2017\/09\/mkt-digital-768x432.jpg 768w\" sizes=\"auto, (max-width: 1365px) 100vw, 1365px\" \/>                    <\/a>\r\n                <\/div>\r\n                                <div class=\"post-title\">\r\n                    <a class=\"open-post\" href=\"https:\/\/david-obando.com\/ant\/tendencias-de-marketing-digital-como-mantenerse-a-la-vanguardia-en-un-mundo-en-constante-evolucion\/\"><h2>Tendencias de Marketing Digital, C\u00f3mo Mantenerse a la Vanguardia en un Mundo en Constante Evoluci\u00f3n<\/h2><\/a>\r\n                    <p class=\"post-info\">\r\n                        <span class=\"post-author\">Publicado por david<\/span>\r\n                        <span class=\"slash\"><\/span>\r\n                        <span class=\"post-date\">agosto 7, 2022<\/span>\r\n                        <span class=\"slash\"><\/span>\r\n                        <span class=\"post-catetory\"><a href=\"https:\/\/david-obando.com\/ant\/category\/articulos-de-opinion\/\" rel=\"category tag\">Art\u00edculos de Opini\u00f3n<\/a><\/span>\r\n                                            <\/p>\r\n                <\/div>\r\n                <div class=\"post-body\">\r\n                    <p>El mundo del marketing digital est\u00e1 en constante evoluci\u00f3n, y cada a\u00f1o surgen nuevas tendencias que est\u00e1n transformando la forma en que las empresas se conectan con sus clientes y<\/p>\r\n                    <a class=\"btn read-more-btn open-post\" href=\"https:\/\/david-obando.com\/ant\/tendencias-de-marketing-digital-como-mantenerse-a-la-vanguardia-en-un-mundo-en-constante-evolucion\/\">\r\n                    Leer m\u00e1s                    <\/a>\r\n                <\/div>\r\n            <\/div>\r\n                      \r\n            <div class=\"post-130 post type-post status-publish format-standard has-post-thumbnail hentry category-articulos-de-opinion\">\r\n                                <div class=\"post-thumbnail\">\r\n                    <a class=\"open-post\" href=\"https:\/\/david-obando.com\/ant\/diseno-web-ui-ux-sitios-web-atractivos-y-funcionales-para-una-experiencia-de-usuario-satisfactoria\/\">\r\n                    <img loading=\"lazy\" decoding=\"async\" width=\"1365\" height=\"768\" src=\"https:\/\/david-obando.com\/ant\/wp-content\/uploads\/2017\/09\/ui.jpg\" class=\"attachment-post-thumbnail size-post-thumbnail wp-post-image\" alt=\"\" srcset=\"https:\/\/david-obando.com\/ant\/wp-content\/uploads\/2017\/09\/ui.jpg 1365w, https:\/\/david-obando.com\/ant\/wp-content\/uploads\/2017\/09\/ui-768x432.jpg 768w\" sizes=\"auto, (max-width: 1365px) 100vw, 1365px\" \/>                    <\/a>\r\n                <\/div>\r\n                                <div class=\"post-title\">\r\n                    <a class=\"open-post\" href=\"https:\/\/david-obando.com\/ant\/diseno-web-ui-ux-sitios-web-atractivos-y-funcionales-para-una-experiencia-de-usuario-satisfactoria\/\"><h2>Dise\u00f1o Web UI\/UX: Sitios Web Atractivos y Funcionales para una Experiencia de Usuario Satisfactoria<\/h2><\/a>\r\n                    <p class=\"post-info\">\r\n                        <span class=\"post-author\">Publicado por david<\/span>\r\n                        <span class=\"slash\"><\/span>\r\n                        <span class=\"post-date\">septiembre 7, 2017<\/span>\r\n                        <span class=\"slash\"><\/span>\r\n                        <span class=\"post-catetory\"><a href=\"https:\/\/david-obando.com\/ant\/category\/articulos-de-opinion\/\" rel=\"category tag\">Art\u00edculos de Opini\u00f3n<\/a><\/span>\r\n                                            <\/p>\r\n                <\/div>\r\n                <div class=\"post-body\">\r\n                    <p>En la actualidad, el dise\u00f1o web es mucho m\u00e1s que simplemente crear una p\u00e1gina web visualmente atractiva. El dise\u00f1o de interfaz de usuario (UI) y la experiencia del usuario (UX)<\/p>\r\n                    <a class=\"btn read-more-btn open-post\" href=\"https:\/\/david-obando.com\/ant\/diseno-web-ui-ux-sitios-web-atractivos-y-funcionales-para-una-experiencia-de-usuario-satisfactoria\/\">\r\n                    Leer m\u00e1s                    <\/a>\r\n                <\/div>\r\n            <\/div>\r\n                        <div class=\"text-center\">\r\n                                    <\/div>\r\n        <\/div>\r\n    <\/div>\r\n<\/div>\r\n\r\n<\/div><\/div><\/div><\/div><\/section>\n","protected":false},"excerpt":{"rendered":"","protected":false},"author":1,"featured_media":0,"parent":0,"menu_order":0,"comment_status":"closed","ping_status":"closed","template":"","meta":{"footnotes":""},"class_list":["post-24","page","type-page","status-publish","hentry"],"yoast_head":"<!-- This site is optimized with the Yoast SEO plugin v26.1 - https:\/\/yoast.com\/wordpress\/plugins\/seo\/ -->\n<title>Blog - David Obando<\/title>\n<meta name=\"robots\" content=\"index, follow, max-snippet:-1, max-image-preview:large, max-video-preview:-1\" \/>\n<link rel=\"canonical\" href=\"https:\/\/david-obando.com\/ant\/blog\/\" \/>\n<meta property=\"og:locale\" content=\"es_ES\" \/>\n<meta property=\"og:type\" content=\"article\" \/>\n<meta property=\"og:title\" content=\"Blog - David Obando\" \/>\n<meta property=\"og:description\" content=\"Blog Los CMS han democratizado la creaci\u00f3n de sitios web para personas sin experiencia en programaci\u00f3n Publicado por david febrero 7, 2023 Art\u00edculos de Opini\u00f3n Los Sistemas de Gesti\u00f3n de Contenido (CMS, por sus siglas en ingl\u00e9s) han revolucionado la forma en que las personas crean sitios web. Antes de que existieran los CMS, la [&hellip;]\" \/>\n<meta property=\"og:url\" content=\"https:\/\/david-obando.com\/ant\/blog\/\" \/>\n<meta property=\"og:site_name\" content=\"David Obando\" \/>\n<meta property=\"article:modified_time\" content=\"2023-03-27T03:33:50+00:00\" \/>\n<meta property=\"og:image\" content=\"https:\/\/david-obando.com\/ant\/wp-content\/uploads\/2017\/09\/cms-copia.jpg\" \/>\n<meta name=\"twitter:card\" content=\"summary_large_image\" \/>\n<meta name=\"twitter:label1\" content=\"Tiempo de lectura\" \/>\n\t<meta name=\"twitter:data1\" content=\"1 minuto\" \/>\n<script type=\"application\/ld+json\" class=\"yoast-schema-graph\">{\"@context\":\"https:\/\/schema.org\",\"@graph\":[{\"@type\":\"WebPage\",\"@id\":\"https:\/\/david-obando.com\/ant\/blog\/\",\"url\":\"https:\/\/david-obando.com\/ant\/blog\/\",\"name\":\"Blog - David Obando\",\"isPartOf\":{\"@id\":\"https:\/\/david-obando.com\/ant\/#website\"},\"primaryImageOfPage\":{\"@id\":\"https:\/\/david-obando.com\/ant\/blog\/#primaryimage\"},\"image\":{\"@id\":\"https:\/\/david-obando.com\/ant\/blog\/#primaryimage\"},\"thumbnailUrl\":\"https:\/\/david-obando.com\/ant\/wp-content\/uploads\/2017\/09\/cms-copia.jpg\",\"datePublished\":\"2017-09-07T14:05:20+00:00\",\"dateModified\":\"2023-03-27T03:33:50+00:00\",\"breadcrumb\":{\"@id\":\"https:\/\/david-obando.com\/ant\/blog\/#breadcrumb\"},\"inLanguage\":\"es\",\"potentialAction\":[{\"@type\":\"ReadAction\",\"target\":[\"https:\/\/david-obando.com\/ant\/blog\/\"]}]},{\"@type\":\"ImageObject\",\"inLanguage\":\"es\",\"@id\":\"https:\/\/david-obando.com\/ant\/blog\/#primaryimage\",\"url\":\"https:\/\/david-obando.com\/ant\/wp-content\/uploads\/2017\/09\/cms-copia.jpg\",\"contentUrl\":\"https:\/\/david-obando.com\/ant\/wp-content\/uploads\/2017\/09\/cms-copia.jpg\",\"width\":1365,\"height\":768},{\"@type\":\"BreadcrumbList\",\"@id\":\"https:\/\/david-obando.com\/ant\/blog\/#breadcrumb\",\"itemListElement\":[{\"@type\":\"ListItem\",\"position\":1,\"name\":\"Portada\",\"item\":\"https:\/\/david-obando.com\/ant\/\"},{\"@type\":\"ListItem\",\"position\":2,\"name\":\"Blog\"}]},{\"@type\":\"WebSite\",\"@id\":\"https:\/\/david-obando.com\/ant\/#website\",\"url\":\"https:\/\/david-obando.com\/ant\/\",\"name\":\"David Obando\",\"description\":\"Profesional en marketing y comunicaci\u00f3n con amplia trayectoria en empresas p\u00fablicas y privadas.\",\"publisher\":{\"@id\":\"https:\/\/david-obando.com\/ant\/#\/schema\/person\/dd4727c913fe331de0f7e11216a36905\"},\"potentialAction\":[{\"@type\":\"SearchAction\",\"target\":{\"@type\":\"EntryPoint\",\"urlTemplate\":\"https:\/\/david-obando.com\/ant\/?s={search_term_string}\"},\"query-input\":{\"@type\":\"PropertyValueSpecification\",\"valueRequired\":true,\"valueName\":\"search_term_string\"}}],\"inLanguage\":\"es\"},{\"@type\":[\"Person\",\"Organization\"],\"@id\":\"https:\/\/david-obando.com\/ant\/#\/schema\/person\/dd4727c913fe331de0f7e11216a36905\",\"name\":\"david\",\"image\":{\"@type\":\"ImageObject\",\"inLanguage\":\"es\",\"@id\":\"https:\/\/david-obando.com\/ant\/#\/schema\/person\/image\/\",\"url\":\"https:\/\/david-obando.com\/ant\/wp-content\/uploads\/2023\/06\/d-o.png\",\"contentUrl\":\"https:\/\/david-obando.com\/ant\/wp-content\/uploads\/2023\/06\/d-o.png\",\"width\":115,\"height\":96,\"caption\":\"david\"},\"logo\":{\"@id\":\"https:\/\/david-obando.com\/ant\/#\/schema\/person\/image\/\"},\"sameAs\":[\"https:\/\/david-obando.com\/ant\"]}]}<\/script>\n<!-- \/ Yoast SEO plugin. -->","yoast_head_json":{"title":"Blog - David Obando","robots":{"index":"index","follow":"follow","max-snippet":"max-snippet:-1","max-image-preview":"max-image-preview:large","max-video-preview":"max-video-preview:-1"},"canonical":"https:\/\/david-obando.com\/ant\/blog\/","og_locale":"es_ES","og_type":"article","og_title":"Blog - David Obando","og_description":"Blog Los CMS han democratizado la creaci\u00f3n de sitios web para personas sin experiencia en programaci\u00f3n Publicado por david febrero 7, 2023 Art\u00edculos de Opini\u00f3n Los Sistemas de Gesti\u00f3n de Contenido (CMS, por sus siglas en ingl\u00e9s) han revolucionado la forma en que las personas crean sitios web. Antes de que existieran los CMS, la [&hellip;]","og_url":"https:\/\/david-obando.com\/ant\/blog\/","og_site_name":"David Obando","article_modified_time":"2023-03-27T03:33:50+00:00","og_image":[{"url":"https:\/\/david-obando.com\/ant\/wp-content\/uploads\/2017\/09\/cms-copia.jpg","type":"","width":"","height":""}],"twitter_card":"summary_large_image","twitter_misc":{"Tiempo de lectura":"1 minuto"},"schema":{"@context":"https:\/\/schema.org","@graph":[{"@type":"WebPage","@id":"https:\/\/david-obando.com\/ant\/blog\/","url":"https:\/\/david-obando.com\/ant\/blog\/","name":"Blog - David Obando","isPartOf":{"@id":"https:\/\/david-obando.com\/ant\/#website"},"primaryImageOfPage":{"@id":"https:\/\/david-obando.com\/ant\/blog\/#primaryimage"},"image":{"@id":"https:\/\/david-obando.com\/ant\/blog\/#primaryimage"},"thumbnailUrl":"https:\/\/david-obando.com\/ant\/wp-content\/uploads\/2017\/09\/cms-copia.jpg","datePublished":"2017-09-07T14:05:20+00:00","dateModified":"2023-03-27T03:33:50+00:00","breadcrumb":{"@id":"https:\/\/david-obando.com\/ant\/blog\/#breadcrumb"},"inLanguage":"es","potentialAction":[{"@type":"ReadAction","target":["https:\/\/david-obando.com\/ant\/blog\/"]}]},{"@type":"ImageObject","inLanguage":"es","@id":"https:\/\/david-obando.com\/ant\/blog\/#primaryimage","url":"https:\/\/david-obando.com\/ant\/wp-content\/uploads\/2017\/09\/cms-copia.jpg","contentUrl":"https:\/\/david-obando.com\/ant\/wp-content\/uploads\/2017\/09\/cms-copia.jpg","width":1365,"height":768},{"@type":"BreadcrumbList","@id":"https:\/\/david-obando.com\/ant\/blog\/#breadcrumb","itemListElement":[{"@type":"ListItem","position":1,"name":"Portada","item":"https:\/\/david-obando.com\/ant\/"},{"@type":"ListItem","position":2,"name":"Blog"}]},{"@type":"WebSite","@id":"https:\/\/david-obando.com\/ant\/#website","url":"https:\/\/david-obando.com\/ant\/","name":"David Obando","description":"Profesional en marketing y comunicaci\u00f3n con amplia trayectoria en empresas p\u00fablicas y privadas.","publisher":{"@id":"https:\/\/david-obando.com\/ant\/#\/schema\/person\/dd4727c913fe331de0f7e11216a36905"},"potentialAction":[{"@type":"SearchAction","target":{"@type":"EntryPoint","urlTemplate":"https:\/\/david-obando.com\/ant\/?s={search_term_string}"},"query-input":{"@type":"PropertyValueSpecification","valueRequired":true,"valueName":"search_term_string"}}],"inLanguage":"es"},{"@type":["Person","Organization"],"@id":"https:\/\/david-obando.com\/ant\/#\/schema\/person\/dd4727c913fe331de0f7e11216a36905","name":"david","image":{"@type":"ImageObject","inLanguage":"es","@id":"https:\/\/david-obando.com\/ant\/#\/schema\/person\/image\/","url":"https:\/\/david-obando.com\/ant\/wp-content\/uploads\/2023\/06\/d-o.png","contentUrl":"https:\/\/david-obando.com\/ant\/wp-content\/uploads\/2023\/06\/d-o.png","width":115,"height":96,"caption":"david"},"logo":{"@id":"https:\/\/david-obando.com\/ant\/#\/schema\/person\/image\/"},"sameAs":["https:\/\/david-obando.com\/ant"]}]}},"_hostinger_reach_plugin_has_subscription_block":false,"_hostinger_reach_plugin_is_elementor":false,"_links":{"self":[{"href":"https:\/\/david-obando.com\/ant\/wp-json\/wp\/v2\/pages\/24","targetHints":{"allow":["GET"]}}],"collection":[{"href":"https:\/\/david-obando.com\/ant\/wp-json\/wp\/v2\/pages"}],"about":[{"href":"https:\/\/david-obando.com\/ant\/wp-json\/wp\/v2\/types\/page"}],"author":[{"embeddable":true,"href":"https:\/\/david-obando.com\/ant\/wp-json\/wp\/v2\/users\/1"}],"replies":[{"embeddable":true,"href":"https:\/\/david-obando.com\/ant\/wp-json\/wp\/v2\/comments?post=24"}],"version-history":[{"count":0,"href":"https:\/\/david-obando.com\/ant\/wp-json\/wp\/v2\/pages\/24\/revisions"}],"wp:attachment":[{"href":"https:\/\/david-obando.com\/ant\/wp-json\/wp\/v2\/media?parent=24"}],"curies":[{"name":"wp","href":"https:\/\/api.w.org\/{rel}","templated":true}]}}