{"id":20,"date":"2017-09-07T14:04:57","date_gmt":"2017-09-07T14:04:57","guid":{"rendered":"http:\/\/demo.lion-coders.com\/wp\/hello\/?page_id=20"},"modified":"2025-06-21T12:54:13","modified_gmt":"2025-06-21T17:54:13","slug":"perfil","status":"publish","type":"page","link":"https:\/\/david-obando.com\/ant\/perfil\/","title":{"rendered":"Perfil Profesional"},"content":{"rendered":"<section class=\"kc-elm kc-css-850596 kc_row\"><div class=\"kc-row-container\"><div class=\"kc-wrap-columns\"><div class=\"kc-elm kc-css-573908 kc_col-sm-12 kc_column kc_col-sm-12\"><div class=\"kc-col-container\">\r\n<div class=\"block-content\">\r\n    <h3 class=\"block-title\">Perfil<\/h3>\r\n    <h3 class=\"subheading\"><p>Profesional en<strong>\u00a0marketing y comunicaci\u00f3n<\/strong> con amplia trayectoria en empresas p\u00fablicas y privadas.<\/p>\r\n<\/h3>\r\n    <p>Desde una edad temprana he trabajado diligentemente, lo que me ha permitido desarrollar una s\u00f3lida \u00e9tica profesional. Mi enfoque siempre ha sido el aprendizaje constante, tanto a nivel te\u00f3rico como pr\u00e1ctico.<\/p>\r\n<\/p>\r\n<p>Mi experiencia laboral comenz\u00f3 cuando ten\u00eda 18 a\u00f1os, desempe\u00f1\u00e1ndome en el \u00e1rea de marketing y publicidad de una entidad bancaria. Comenc\u00e9 como auxiliar y, a lo largo del tiempo, fui ascendiendo hasta convertirme en Especialista de Marketing y Relaciones P\u00fablicas. Durante mi tiempo en el sector p\u00fablico, form\u00e9 parte del \u00e1rea de Comunicaci\u00f3n Social en Agrocalidad, donde trabaj\u00e9 como Webmaster durante 4 a\u00f1os. Actualmente, ocupo el cargo de Analista de Comunicaci\u00f3n en el Servicio Nacional de Atenci\u00f3n Integral a Personas Adultas Privadas de la Libertad y a Adolescentes Infractores.<\/p>\r\n<\/p>\r\n<p>Mi enfoque en el desarrollo acad\u00e9mico es constante, ya que considero fundamental complementar la experiencia profesional con conocimientos te\u00f3ricos actualizados. Una de mis principales fortalezas es mi compromiso con la finalizaci\u00f3n exitosa de proyectos. Si en alg\u00fan momento me encuentro con un tema desconocido, no dudo en investigar a fondo para alcanzar mis objetivos.<\/p>\r\n<\/p>\r\n<p>En este contexto, mi perfil profesional se basa en una s\u00f3lida trayectoria en marketing y comunicaci\u00f3n, respaldada por una fuerte \u00e9tica laboral y un enfoque en el aprendizaje constante. Siempre busco mejorar y crecer, y estoy dispuesto a tomar medidas adicionales, como buscar oportunidades de desarrollo profesional para seguir avanzando en mi carrera.<\/p>\r\n        <div class=\"info-list row\">\r\n                <div class=\"col-sm-6\"><span>Nombre : <\/span>David Obando Rodr\u00edguez<\/div>\r\n                <div class=\"col-sm-6\"><span>Fecha de nacimiento : <\/span> Mayo 06, 1992<\/div>\r\n                <div class=\"col-sm-6\"><span>Estado civil :<\/span>Soltero<\/div>\r\n                <div class=\"col-sm-6\"><span>Edad :<\/span>33 a\u00f1os<\/div>\r\n                <div class=\"col-sm-6\"><span>Email : <\/span>david-obando@outlook.com<\/div>\r\n                <div class=\"col-sm-6\"><span>Tel\u00e9fono : <\/span>098 040 0931<\/div>\r\n            <\/div>\r\n        <\/div>          \r\n<div class=\"block-content\">\r\n    <h3 class=\"block-title\">Experiencia<\/h3>\r\n    <div class=\"timeline experience\">\r\n        <div class=\"row\">\r\n            <div class=\"col-md-12\">\r\n                <div class=\"exp-holder\">\r\n                                    \r\n                    <div class=\"exp\">\r\n                        <div class=\"hgroup\">\r\n                            <h4><span>Analista de Comunicaci\u00f3n Social<\/span> - SNAI<\/h4>\r\n                            <h5>2022<span class=\"current\"> al presente<\/span><\/h5>\r\n                        <\/div>\r\n                        <ul>\r\n<li>Edici\u00f3n y producci\u00f3n audiovisual.<\/li>\r\n<li>Elaboraci\u00f3n y desarrollo de material multimedia, videos, animaciones, cu\u00f1as, etc.<\/li>\r\n<li>Dise\u00f1o y producci\u00f3n de piezas gr\u00e1ficas, artes, folletos y panfletos.<\/li>\r\n<li>Realizar tomas fotogr\u00e1ficas y grabaciones de video para el contenido audiovisual.<\/li>\r\n<\/ul>\r\n                    <\/div>\r\n                                    \r\n                    <div class=\"exp\">\r\n                        <div class=\"hgroup\">\r\n                            <h4><span>Webmaster<\/span> - Agrocalidad<\/h4>\r\n                            <h5>2017- 2021<\/h5>\r\n                        <\/div>\r\n                        <p>Creaci\u00f3n, administraci\u00f3n y modificaci\u00f3n de la p\u00e1gina web, micrositios, revistas cient\u00edficas e intranet de la instituci\u00f3n, adem\u00e1s de otras actividades relacionadas con la comunicaci\u00f3n interna y externa.<\/p>\r\n<\/p>\r\n                    <\/div>\r\n                                    \r\n                    <div class=\"exp\">\r\n                        <div class=\"hgroup\">\r\n                            <h4><span>Especialista de Marketing y RRPP<\/span> - Banco ProCredit<\/h4>\r\n                            <h5>2010- 2016<\/h5>\r\n                        <\/div>\r\n                        <p>Mi principal funci\u00f3n fue la administraci\u00f3n y modificaci\u00f3n de la p\u00e1gina web de la empresa, ademas de otras actividades relacionadas con el marketing digital.<\/p><ul><li>Coordinar y negociar planes de medios digitales y contenidos de comunicaci\u00f3n interna y externa.<\/li><li>Asesorar campa\u00f1as de comunicaci\u00f3n.<\/li><li>Participar en proyectos de mejoramiento institucional.<\/li><li>Apoyar proyectos de relaciones p\u00fablicas.<\/li><li>Manejar la operatividad de videos, cu\u00f1as y anuncios.<\/li><\/ul>                    <\/div>\r\n                                <\/div>\r\n            <\/div>\r\n        <\/div>\r\n    <\/div>\r\n<\/div>\r\n<div class=\"block-content\">\r\n    <h3 class=\"block-title\">EDUCACI\u00d3N<\/h3>\r\n    <div class=\"timeline education\">\r\n        <div class=\"row\">\r\n            <div class=\"col-md-12\">\r\n                <div class=\"exp-holder\">\r\n                                    \r\n                    <div class=\"exp\">\r\n                        <div class=\"hgroup\">\r\n                            <h4>Magister en Comunicaci\u00f3n Estrat\u00e9gica, menci\u00f3n Comunicaci\u00f3n Digital<span> - Universidad Cat\u00f3lica (PUCE)<\/span><\/h4>\r\n                            <h5>Posgrado<\/h5>\r\n                        <\/div>\r\n                        <p><em><strong>N\u00famero de Registro SENESCYT:<\/strong> <\/em>1027-2024-2882864<\/p>\r\n<hr \/>\r\n                    <\/div>\r\n                                    \r\n                    <div class=\"exp\">\r\n                        <div class=\"hgroup\">\r\n                            <h4>Licenciado en Marketing<span> - Universidad de las Am\u00e9ricas (UDLA)<\/span><\/h4>\r\n                            <h5>Pregrado<\/h5>\r\n                        <\/div>\r\n                        <em><strong>N\u00famero de Registro SENESCYT:<\/strong> <\/em>1040-2021-2348002\r\n\r\n<hr \/>                    <\/div>\r\n                                    \r\n                    <div class=\"exp\">\r\n                        <div class=\"hgroup\">\r\n                            <h4>Tecn\u00f3logo en Administraci\u00f3n de Empresas<span> - Instituto Tecnologico Superior &quot;Integraci\u00f3n Andina&quot;<\/span><\/h4>\r\n                            <h5>Tecnolog\u00eda<\/h5>\r\n                        <\/div>\r\n                        <p><em><strong>N\u00famero de Registro SENESCYT:<\/strong> <\/em>2161-2021-2273535<\/p>\r\n<hr \/>\r\n                    <\/div>\r\n                                <\/div>\r\n            <\/div>\r\n        <\/div>\r\n    <\/div>\r\n<\/div>\r\n\r\n<div class=\"block-content\">\r\n    <h3 class=\"block-title\">CONOCIMIENTOS Y HABILIDADES<\/h3>\r\n        \r\n    <label class=\"progress-bar-label\">Wordpress - <span>gestor de contenidos para la creaci\u00f3n de sitios web.<\/span><\/label>\r\n    <div class=\"progress\">\r\n        <div style=\"width: 85%\" class=\"progress-bar\" role=\"progressbar\">\r\n            <span>85%<\/span>\r\n        <\/div>\r\n    <\/div>\r\n        \r\n    <label class=\"progress-bar-label\">Ecommerce - <span>tiendas en l\u00ednea con pasarle de pagos.<\/span><\/label>\r\n    <div class=\"progress\">\r\n        <div style=\"width: 80%\" class=\"progress-bar\" role=\"progressbar\">\r\n            <span>80%<\/span>\r\n        <\/div>\r\n    <\/div>\r\n        \r\n    <label class=\"progress-bar-label\">Joomla - <span>gestor de contenidos para la creaci\u00f3n de sitios web.<\/span><\/label>\r\n    <div class=\"progress\">\r\n        <div style=\"width: 80%\" class=\"progress-bar\" role=\"progressbar\">\r\n            <span>80%<\/span>\r\n        <\/div>\r\n    <\/div>\r\n        \r\n    <label class=\"progress-bar-label\">Moodle - <span>gestor de contenidos para la creaci\u00f3n de sitios de aprendizaje.<\/span><\/label>\r\n    <div class=\"progress\">\r\n        <div style=\"width: 70%\" class=\"progress-bar\" role=\"progressbar\">\r\n            <span>70%<\/span>\r\n        <\/div>\r\n    <\/div>\r\n        \r\n    <label class=\"progress-bar-label\">Open Journal System - <span>gestor de contenidos para la revistas cient\u00edficas.<\/span><\/label>\r\n    <div class=\"progress\">\r\n        <div style=\"width: 80%\" class=\"progress-bar\" role=\"progressbar\">\r\n            <span>80%<\/span>\r\n        <\/div>\r\n    <\/div>\r\n        \r\n    <label class=\"progress-bar-label\">Final Cut - <span>programa de producci\u00f3n y edici\u00f3n audiovisual. <\/span><\/label>\r\n    <div class=\"progress\">\r\n        <div style=\"width: 90%\" class=\"progress-bar\" role=\"progressbar\">\r\n            <span>90%<\/span>\r\n        <\/div>\r\n    <\/div>\r\n        \r\n    <label class=\"progress-bar-label\">After Effects - <span>creaci\u00f3n de composiciones multimedia y animaciones.<\/span><\/label>\r\n    <div class=\"progress\">\r\n        <div style=\"width: 75%\" class=\"progress-bar\" role=\"progressbar\">\r\n            <span>75%<\/span>\r\n        <\/div>\r\n    <\/div>\r\n        \r\n    <label class=\"progress-bar-label\">Photoshop, Illustrator - <span>programas de edici\u00f3n fotograf\u00edas y gr\u00e1ficos vectoriales.<\/span><\/label>\r\n    <div class=\"progress\">\r\n        <div style=\"width: 65%\" class=\"progress-bar\" role=\"progressbar\">\r\n            <span>65%<\/span>\r\n        <\/div>\r\n    <\/div>\r\n        \r\n    <label class=\"progress-bar-label\">Anal\u00edtica Web - <span>m\u00e9tricas con google analytics para identificar el tr\u00e1fico sitios seg\u00fan la audiencia.<\/span><\/label>\r\n    <div class=\"progress\">\r\n        <div style=\"width: 70%\" class=\"progress-bar\" role=\"progressbar\">\r\n            <span>70%<\/span>\r\n        <\/div>\r\n    <\/div>\r\n        \r\n    <label class=\"progress-bar-label\">Fotograf\u00eda - <span>Captura de im\u00e1genes y videos.<\/span><\/label>\r\n    <div class=\"progress\">\r\n        <div style=\"width: 70%\" class=\"progress-bar\" role=\"progressbar\">\r\n            <span>70%<\/span>\r\n        <\/div>\r\n    <\/div>\r\n    <\/div>\r\n<div class=\"block-content\">\r\n    <h3 class=\"block-title\">Referencias:<\/h3>\r\n    <div class=\"row\">\r\n        <div id=\"liontestimonial\" class=\"owl-carousel owl-theme\">\r\n                    <div class=\"item testimonials\">\r\n                 \r\n                <img decoding=\"async\" src=\"https:\/\/david-obando.com\/ant\/wp-content\/uploads\/2023\/03\/fc3534a1-770b-4aa1-aa1a-8583647bd4a4.jpeg\" alt=\"fc3534a1-770b-4aa1-aa1a-8583647bd4a4\">\r\n                            <blockquote><p><strong>Sof\u00eda Y\u00e1nez<\/strong> - tel. 0994424670<\/p>\r\n                    <p class=\"quote\"><span>Fue mi jefa<\/span>: Banco ProCredit<\/p>\r\n                <\/blockquote>\r\n            <\/div>\r\n                    <div class=\"item testimonials\">\r\n                 \r\n                <img decoding=\"async\" src=\"https:\/\/david-obando.com\/ant\/wp-content\/uploads\/2025\/06\/rp.jpg\" alt=\"rp\">\r\n                            <blockquote><strong>Ruth P\u00e1ez<\/strong> - tel. 0982037246                    <p class=\"quote\"><span>Fue mi jefa<\/span>: SNAI<\/p>\r\n                <\/blockquote>\r\n            <\/div>\r\n                    <div class=\"item testimonials\">\r\n                 \r\n                <img decoding=\"async\" src=\"https:\/\/david-obando.com\/ant\/wp-content\/uploads\/2023\/03\/9cafb552-1d1f-42f9-aba6-de44dd8547e9.jpeg\" alt=\"9cafb552-1d1f-42f9-aba6-de44dd8547e9\">\r\n                            <blockquote><p><strong>Katherine Y\u00e9pez<\/strong> - tel. 0958915030<\/p>\r\n                    <p class=\"quote\"><span>Fue mi jefa<\/span>: Agrocalidad<\/p>\r\n                <\/blockquote>\r\n            <\/div>\r\n                <\/div>\r\n    <\/div>\r\n<\/div><\/div><\/div><\/div><\/div><\/section>\n","protected":false},"excerpt":{"rendered":"","protected":false},"author":1,"featured_media":0,"parent":0,"menu_order":0,"comment_status":"closed","ping_status":"closed","template":"","meta":{"footnotes":""},"class_list":["post-20","page","type-page","status-publish","hentry"],"yoast_head":"<!-- This site is optimized with the Yoast SEO plugin v26.1 - https:\/\/yoast.com\/wordpress\/plugins\/seo\/ -->\n<title>Perfil Profesional - David Obando<\/title>\n<meta name=\"robots\" content=\"index, follow, max-snippet:-1, max-image-preview:large, max-video-preview:-1\" \/>\n<link rel=\"canonical\" href=\"https:\/\/david-obando.com\/ant\/perfil\/\" \/>\n<meta property=\"og:locale\" content=\"es_ES\" \/>\n<meta property=\"og:type\" content=\"article\" \/>\n<meta property=\"og:title\" content=\"Perfil Profesional - David Obando\" \/>\n<meta property=\"og:description\" content=\"Perfil Profesional en\u00a0marketing y comunicaci\u00f3n con amplia trayectoria en empresas p\u00fablicas y privadas. Desde una edad temprana he trabajado diligentemente, lo que me ha permitido desarrollar una s\u00f3lida \u00e9tica profesional. Mi enfoque siempre ha sido el aprendizaje constante, tanto a nivel te\u00f3rico como pr\u00e1ctico. Mi experiencia laboral comenz\u00f3 cuando ten\u00eda 18 a\u00f1os, desempe\u00f1\u00e1ndome en el [&hellip;]\" \/>\n<meta property=\"og:url\" content=\"https:\/\/david-obando.com\/ant\/perfil\/\" \/>\n<meta property=\"og:site_name\" content=\"David Obando\" \/>\n<meta property=\"article:modified_time\" content=\"2025-06-21T17:54:13+00:00\" \/>\n<meta property=\"og:image\" content=\"https:\/\/david-obando.com\/ant\/wp-content\/uploads\/2023\/03\/fc3534a1-770b-4aa1-aa1a-8583647bd4a4.jpeg\" \/>\n<meta name=\"twitter:card\" content=\"summary_large_image\" \/>\n<meta name=\"twitter:label1\" content=\"Tiempo de lectura\" \/>\n\t<meta name=\"twitter:data1\" content=\"1 minuto\" \/>\n<script type=\"application\/ld+json\" class=\"yoast-schema-graph\">{\"@context\":\"https:\/\/schema.org\",\"@graph\":[{\"@type\":\"WebPage\",\"@id\":\"https:\/\/david-obando.com\/ant\/perfil\/\",\"url\":\"https:\/\/david-obando.com\/ant\/perfil\/\",\"name\":\"Perfil Profesional - David Obando\",\"isPartOf\":{\"@id\":\"https:\/\/david-obando.com\/ant\/#website\"},\"primaryImageOfPage\":{\"@id\":\"https:\/\/david-obando.com\/ant\/perfil\/#primaryimage\"},\"image\":{\"@id\":\"https:\/\/david-obando.com\/ant\/perfil\/#primaryimage\"},\"thumbnailUrl\":\"https:\/\/david-obando.com\/ant\/wp-content\/uploads\/2023\/03\/fc3534a1-770b-4aa1-aa1a-8583647bd4a4.jpeg\",\"datePublished\":\"2017-09-07T14:04:57+00:00\",\"dateModified\":\"2025-06-21T17:54:13+00:00\",\"breadcrumb\":{\"@id\":\"https:\/\/david-obando.com\/ant\/perfil\/#breadcrumb\"},\"inLanguage\":\"es\",\"potentialAction\":[{\"@type\":\"ReadAction\",\"target\":[\"https:\/\/david-obando.com\/ant\/perfil\/\"]}]},{\"@type\":\"ImageObject\",\"inLanguage\":\"es\",\"@id\":\"https:\/\/david-obando.com\/ant\/perfil\/#primaryimage\",\"url\":\"https:\/\/david-obando.com\/ant\/wp-content\/uploads\/2023\/03\/fc3534a1-770b-4aa1-aa1a-8583647bd4a4.jpeg\",\"contentUrl\":\"https:\/\/david-obando.com\/ant\/wp-content\/uploads\/2023\/03\/fc3534a1-770b-4aa1-aa1a-8583647bd4a4.jpeg\",\"width\":472,\"height\":472},{\"@type\":\"BreadcrumbList\",\"@id\":\"https:\/\/david-obando.com\/ant\/perfil\/#breadcrumb\",\"itemListElement\":[{\"@type\":\"ListItem\",\"position\":1,\"name\":\"Portada\",\"item\":\"https:\/\/david-obando.com\/ant\/\"},{\"@type\":\"ListItem\",\"position\":2,\"name\":\"Perfil Profesional\"}]},{\"@type\":\"WebSite\",\"@id\":\"https:\/\/david-obando.com\/ant\/#website\",\"url\":\"https:\/\/david-obando.com\/ant\/\",\"name\":\"David Obando\",\"description\":\"Profesional en marketing y comunicaci\u00f3n con amplia trayectoria en empresas p\u00fablicas y privadas.\",\"publisher\":{\"@id\":\"https:\/\/david-obando.com\/ant\/#\/schema\/person\/dd4727c913fe331de0f7e11216a36905\"},\"potentialAction\":[{\"@type\":\"SearchAction\",\"target\":{\"@type\":\"EntryPoint\",\"urlTemplate\":\"https:\/\/david-obando.com\/ant\/?s={search_term_string}\"},\"query-input\":{\"@type\":\"PropertyValueSpecification\",\"valueRequired\":true,\"valueName\":\"search_term_string\"}}],\"inLanguage\":\"es\"},{\"@type\":[\"Person\",\"Organization\"],\"@id\":\"https:\/\/david-obando.com\/ant\/#\/schema\/person\/dd4727c913fe331de0f7e11216a36905\",\"name\":\"david\",\"image\":{\"@type\":\"ImageObject\",\"inLanguage\":\"es\",\"@id\":\"https:\/\/david-obando.com\/ant\/#\/schema\/person\/image\/\",\"url\":\"https:\/\/david-obando.com\/ant\/wp-content\/uploads\/2023\/06\/d-o.png\",\"contentUrl\":\"https:\/\/david-obando.com\/ant\/wp-content\/uploads\/2023\/06\/d-o.png\",\"width\":115,\"height\":96,\"caption\":\"david\"},\"logo\":{\"@id\":\"https:\/\/david-obando.com\/ant\/#\/schema\/person\/image\/\"},\"sameAs\":[\"https:\/\/david-obando.com\/ant\"]}]}<\/script>\n<!-- \/ Yoast SEO plugin. -->","yoast_head_json":{"title":"Perfil Profesional - David Obando","robots":{"index":"index","follow":"follow","max-snippet":"max-snippet:-1","max-image-preview":"max-image-preview:large","max-video-preview":"max-video-preview:-1"},"canonical":"https:\/\/david-obando.com\/ant\/perfil\/","og_locale":"es_ES","og_type":"article","og_title":"Perfil Profesional - David Obando","og_description":"Perfil Profesional en\u00a0marketing y comunicaci\u00f3n con amplia trayectoria en empresas p\u00fablicas y privadas. Desde una edad temprana he trabajado diligentemente, lo que me ha permitido desarrollar una s\u00f3lida \u00e9tica profesional. Mi enfoque siempre ha sido el aprendizaje constante, tanto a nivel te\u00f3rico como pr\u00e1ctico. Mi experiencia laboral comenz\u00f3 cuando ten\u00eda 18 a\u00f1os, desempe\u00f1\u00e1ndome en el [&hellip;]","og_url":"https:\/\/david-obando.com\/ant\/perfil\/","og_site_name":"David Obando","article_modified_time":"2025-06-21T17:54:13+00:00","og_image":[{"url":"https:\/\/david-obando.com\/ant\/wp-content\/uploads\/2023\/03\/fc3534a1-770b-4aa1-aa1a-8583647bd4a4.jpeg","type":"","width":"","height":""}],"twitter_card":"summary_large_image","twitter_misc":{"Tiempo de lectura":"1 minuto"},"schema":{"@context":"https:\/\/schema.org","@graph":[{"@type":"WebPage","@id":"https:\/\/david-obando.com\/ant\/perfil\/","url":"https:\/\/david-obando.com\/ant\/perfil\/","name":"Perfil Profesional - David Obando","isPartOf":{"@id":"https:\/\/david-obando.com\/ant\/#website"},"primaryImageOfPage":{"@id":"https:\/\/david-obando.com\/ant\/perfil\/#primaryimage"},"image":{"@id":"https:\/\/david-obando.com\/ant\/perfil\/#primaryimage"},"thumbnailUrl":"https:\/\/david-obando.com\/ant\/wp-content\/uploads\/2023\/03\/fc3534a1-770b-4aa1-aa1a-8583647bd4a4.jpeg","datePublished":"2017-09-07T14:04:57+00:00","dateModified":"2025-06-21T17:54:13+00:00","breadcrumb":{"@id":"https:\/\/david-obando.com\/ant\/perfil\/#breadcrumb"},"inLanguage":"es","potentialAction":[{"@type":"ReadAction","target":["https:\/\/david-obando.com\/ant\/perfil\/"]}]},{"@type":"ImageObject","inLanguage":"es","@id":"https:\/\/david-obando.com\/ant\/perfil\/#primaryimage","url":"https:\/\/david-obando.com\/ant\/wp-content\/uploads\/2023\/03\/fc3534a1-770b-4aa1-aa1a-8583647bd4a4.jpeg","contentUrl":"https:\/\/david-obando.com\/ant\/wp-content\/uploads\/2023\/03\/fc3534a1-770b-4aa1-aa1a-8583647bd4a4.jpeg","width":472,"height":472},{"@type":"BreadcrumbList","@id":"https:\/\/david-obando.com\/ant\/perfil\/#breadcrumb","itemListElement":[{"@type":"ListItem","position":1,"name":"Portada","item":"https:\/\/david-obando.com\/ant\/"},{"@type":"ListItem","position":2,"name":"Perfil Profesional"}]},{"@type":"WebSite","@id":"https:\/\/david-obando.com\/ant\/#website","url":"https:\/\/david-obando.com\/ant\/","name":"David Obando","description":"Profesional en marketing y comunicaci\u00f3n con amplia trayectoria en empresas p\u00fablicas y privadas.","publisher":{"@id":"https:\/\/david-obando.com\/ant\/#\/schema\/person\/dd4727c913fe331de0f7e11216a36905"},"potentialAction":[{"@type":"SearchAction","target":{"@type":"EntryPoint","urlTemplate":"https:\/\/david-obando.com\/ant\/?s={search_term_string}"},"query-input":{"@type":"PropertyValueSpecification","valueRequired":true,"valueName":"search_term_string"}}],"inLanguage":"es"},{"@type":["Person","Organization"],"@id":"https:\/\/david-obando.com\/ant\/#\/schema\/person\/dd4727c913fe331de0f7e11216a36905","name":"david","image":{"@type":"ImageObject","inLanguage":"es","@id":"https:\/\/david-obando.com\/ant\/#\/schema\/person\/image\/","url":"https:\/\/david-obando.com\/ant\/wp-content\/uploads\/2023\/06\/d-o.png","contentUrl":"https:\/\/david-obando.com\/ant\/wp-content\/uploads\/2023\/06\/d-o.png","width":115,"height":96,"caption":"david"},"logo":{"@id":"https:\/\/david-obando.com\/ant\/#\/schema\/person\/image\/"},"sameAs":["https:\/\/david-obando.com\/ant"]}]}},"_hostinger_reach_plugin_has_subscription_block":false,"_hostinger_reach_plugin_is_elementor":false,"_links":{"self":[{"href":"https:\/\/david-obando.com\/ant\/wp-json\/wp\/v2\/pages\/20","targetHints":{"allow":["GET"]}}],"collection":[{"href":"https:\/\/david-obando.com\/ant\/wp-json\/wp\/v2\/pages"}],"about":[{"href":"https:\/\/david-obando.com\/ant\/wp-json\/wp\/v2\/types\/page"}],"author":[{"embeddable":true,"href":"https:\/\/david-obando.com\/ant\/wp-json\/wp\/v2\/users\/1"}],"replies":[{"embeddable":true,"href":"https:\/\/david-obando.com\/ant\/wp-json\/wp\/v2\/comments?post=20"}],"version-history":[{"count":15,"href":"https:\/\/david-obando.com\/ant\/wp-json\/wp\/v2\/pages\/20\/revisions"}],"predecessor-version":[{"id":684,"href":"https:\/\/david-obando.com\/ant\/wp-json\/wp\/v2\/pages\/20\/revisions\/684"}],"wp:attachment":[{"href":"https:\/\/david-obando.com\/ant\/wp-json\/wp\/v2\/media?parent=20"}],"curies":[{"name":"wp","href":"https:\/\/api.w.org\/{rel}","templated":true}]}}